{"id":10559,"date":"2021-11-03T14:28:03","date_gmt":"2021-11-03T14:28:03","guid":{"rendered":"https:\/\/www.andaluciatrade.es\/consultoria\/?page_id=10559"},"modified":"2021-11-03T14:28:03","modified_gmt":"2021-11-03T14:28:03","slug":"como-se-aplica-el-iva-en-los-intercambios-con-reino-unido-despues-del-brexit","status":"publish","type":"page","link":"https:\/\/www.andaluciatrade.es\/consultoria\/como-se-aplica-el-iva-en-los-intercambios-con-reino-unido-despues-del-brexit\/","title":{"rendered":"\u00bfC\u00f3mo se aplica el IVA en los intercambios con Reino Unido despu\u00e9s del Brexit?"},"content":{"rendered":"\n<p>Hasta el 31 de diciembre de 2020 y la finalizaci\u00f3n del periodo transitorio, Reino Unido, en materia de IVA, estaba considerado como cualquier otro Estado miembro de la Uni\u00f3n Europea.<\/p>\n\n\n\n<p>Es decir que, cuando se realizaba una compraventa entre dos sociedades, una andaluza y otra brit\u00e1nica y si estas dos sociedades estaban dadas de alta en el \u201cRegistro de Operadores Intracomunitarios\u201d, es decir hab\u00edan obtenido respectivamente de la Agencia Tributaria en Espa\u00f1a por una parte y de la \u201cHMRC\u201d en Reino Unido por otra parte, el \u201cCIF-IVA\u201d, <strong>todas las facturas pod\u00edan ser emitidas sin tener que repercutir este impuesto indirecto.<\/strong><\/p>\n\n\n\n<p>Desde el 1 de enero de 2021, Reino Unido es oficialmente considerado como pa\u00eds tercero de la Uni\u00f3n Europea y las operaciones entre Andaluc\u00eda y Reino Unido ya no pueden ser consideradas como \u201centregas intracomunitarias\u201d sino como <strong>ventas a pa\u00edses terceros, es decir, como exportaciones<\/strong>.<\/p>\n\n\n\n<p>Significa que sigue sin aplicarse el IVA espa\u00f1ol, en este caso, porque la operaci\u00f3n efectuada es una exportaci\u00f3n, es decir una salida de la mercanc\u00eda del territorio aduanero europeo. <strong>Se aplicar\u00e1 el IVA ingles a la importaci\u00f3n a todos los productos que entren en el territorio aduanero ingl\u00e9s<\/strong> y este impuesto ser\u00e1 <strong>soportado por el importador de la mercanc\u00eda<\/strong>, es decir por la empresa andaluza cada vez que la operaci\u00f3n se materialice utilizando el incoterm DDP<a href=\"#_ftn1\">[1]<\/a>.<\/p>\n\n\n\n<p>Esta nueva operativa plantea una serie de preguntas: la primera: \u00bfC\u00f3mo saber que IVA se aplica a las botas de protecci\u00f3n o a los ascensores fabricados en Andaluc\u00eda y exportados a Reino Unido? \u00bfEl \u201ccero rate\u201d que se aplica a los alimentos b\u00e1sicos, se aplica igualmente al aceite de oliva? \u00bfY a las patatas fritas?<\/p>\n\n\n\n<p>Las respuestas a todas estas preguntas se encuentran en la Ley Inglesa en materia de IVA y se puede ir consultando en el v\u00ednculo siguiente: <a href=\"https:\/\/www.gov.uk\/guidance\/rates-of-vat-on-different-goods-and-services\">https:\/\/www.gov.uk\/guidance\/rates-of-vat-on-different-goods-and-services<\/a><\/p>\n\n\n\n<p>As\u00ed, descubriremos que las botas de protecci\u00f3n tienen un 0% de IVA mientras los zapatos de protecci\u00f3n tienen que pagar un 20% o que, si el aceite de oliva paga un 0% de IVA, las patatas fritas, por su alto contenido en sal, se ven grabadas con un 20%.<\/p>\n\n\n\n<p>Como comentado con anterioridad, es el importador que es el sujeto pasivo del IVA es decir el responsable de pagar este impuesto. Cuando se trata de un exportador andaluz, significa que, adem\u00e1s de pagar el IVA a las autoridades brit\u00e1nicas, tendr\u00e1 que <strong>realizar una serie de tr\u00e1mites fiscales obligatorios<\/strong>. El primero de todos, tendr\u00e1 que solicitar el EORI GB es decir un n\u00famero identificativo que permite a las empresas realizar operaciones aduaneras con la aduana brit\u00e1nica. La solicitud se puede realizar online: <a href=\"https:\/\/www.gov.uk\/eori\">https:\/\/www.gov.uk\/eori<\/a><\/p>\n\n\n\n<p>Se tendr\u00e1 tambi\u00e9n que solicitar el famoso <strong>\u201cUK VAT NUMBER\u201d<\/strong> es decir el n\u00ba de IVA brit\u00e1nico que nos permiten recibir una identificaci\u00f3n fiscal propia en Reino Unido. Se puede solicitar siguiendo las instrucciones siguientes: <a href=\"https:\/\/www.gov.uk\/vat-registration\/how-to-register\">https:\/\/www.gov.uk\/vat-registration\/how-to-register<\/a><\/p>\n\n\n\n<p>Cuando tengamos nuestro EORI GB y nuestro UK VAT NUMBER, podremos realizar estas operaciones de importaci\u00f3n dentro del Reino Unido, pero no podemos olvidar que para poder cumplir con nuestras obligaciones fiscales ser\u00e1 necesario <strong>realizar las declaraciones peri\u00f3dicas conforme a los modelos brit\u00e1nicos,<\/strong> raz\u00f3n por la cual, se recomienda encarecidamente confiar esta tarea a un asesor fiscal especializados en estos temas.<\/p>\n\n\n\n<p><strong>\u00bfY qu\u00e9 pasa si vendemos online?<\/strong><\/p>\n\n\n\n<p>En este caso y si la empresa andaluza realiza ventas online B2C (es decir a un cliente final) tendr\u00e1 que operar en DDP y tener en cuenta los cambios en materia de IVA en las ventas online con Reino Unido. As\u00ed, para cualquier producto con un precio hasta 135 libras esterlinas, el IVA <strong>debe estar autom\u00e1ticamente incluido en el precio final<\/strong> que se paga en la transacci\u00f3n por internet, indicando claramente el precio del producto y la parte dedicada al IVA. Para los <strong>productos que cuesten m\u00e1s de 135 libras<\/strong>, el IVA ingl\u00e9s se pagar\u00e1 en el punto de entrega, es decir, <strong>en el momento de la entrega del producto proviniendo de Andaluc\u00eda en el domicilio del cliente final comprador<\/strong>.<\/p>\n\n\n\n<p>Por lo tanto, desde el punto de vista pr\u00e1ctico, si la clientela inglesa compra un art\u00edculo de m\u00e1s de 135 libras a una empresa andaluza a trav\u00e9s de su sitio web, <strong>ser\u00e1 la empresa de mensajer\u00eda que le pedir\u00e1 que pague el IVA antes de que se lo entreguen<\/strong>. Este IVA ser\u00e1 ingresado a la hacienda brit\u00e1nica por la empresa andaluza que deber\u00e1 tambi\u00e9n realizar la declaraci\u00f3n de IVA correspondiente (y el pago) en Reino Unido.<\/p>\n\n\n\n<p>Todos estos puntos y mucho m\u00e1s ser\u00e1n explicados detalladamente en funci\u00f3n de la situaci\u00f3n de cada empresa en el programa de Extenda, \u201cPlanes de Contingencia Brexit\u201d. M\u00e1s informaci\u00f3n: <a href=\"https:\/\/www.andaluciatrade.es\/planes-contingencia-brexit\/\">https:\/\/www.andaluciatrade.es\/planes-contingencia-brexit\/<\/a><\/p>\n\n\n\n<hr class=\"wp-block-separator\" \/>\n\n\n\n<p><a href=\"#_ftnref1\">[1]<\/a> El Incoterm DDP (Delivered Duty Paid) es el t\u00e9rmino internacional de comercio que se utiliza cuando el vendedor se encarga de realizar todos los tr\u00e1mites aduaneros, cubrir los gastos de transporte (hasta dejarla en el destino acordado) y hacer los pagos de importaci\u00f3n en la aduana de destino.<\/p>\n\n\n\n<p>Karine Br\u00fcck, CEO KBK International<\/p>\n","protected":false},"excerpt":{"rendered":"<p>Hasta el 31 de diciembre de 2020 y la finalizaci\u00f3n del periodo transitorio, Reino Unido, en materia de IVA, estaba considerado como cualquier otro Estado miembro de la Uni\u00f3n Europea. Es decir que, cuando se realizaba una compraventa entre dos &hellip; <a href=\"https:\/\/www.andaluciatrade.es\/consultoria\/como-se-aplica-el-iva-en-los-intercambios-con-reino-unido-despues-del-brexit\/\">Sigue leyendo <span class=\"meta-nav\">&rarr;<\/span><\/a><\/p>\n","protected":false},"author":16,"featured_media":0,"parent":0,"menu_order":0,"comment_status":"closed","ping_status":"closed","template":"","meta":{"footnotes":""},"class_list":["post-10559","page","type-page","status-publish","hentry"],"_links":{"self":[{"href":"https:\/\/www.andaluciatrade.es\/consultoria\/wp-json\/wp\/v2\/pages\/10559","targetHints":{"allow":["GET"]}}],"collection":[{"href":"https:\/\/www.andaluciatrade.es\/consultoria\/wp-json\/wp\/v2\/pages"}],"about":[{"href":"https:\/\/www.andaluciatrade.es\/consultoria\/wp-json\/wp\/v2\/types\/page"}],"author":[{"embeddable":true,"href":"https:\/\/www.andaluciatrade.es\/consultoria\/wp-json\/wp\/v2\/users\/16"}],"replies":[{"embeddable":true,"href":"https:\/\/www.andaluciatrade.es\/consultoria\/wp-json\/wp\/v2\/comments?post=10559"}],"version-history":[{"count":1,"href":"https:\/\/www.andaluciatrade.es\/consultoria\/wp-json\/wp\/v2\/pages\/10559\/revisions"}],"predecessor-version":[{"id":10560,"href":"https:\/\/www.andaluciatrade.es\/consultoria\/wp-json\/wp\/v2\/pages\/10559\/revisions\/10560"}],"wp:attachment":[{"href":"https:\/\/www.andaluciatrade.es\/consultoria\/wp-json\/wp\/v2\/media?parent=10559"}],"curies":[{"name":"wp","href":"https:\/\/api.w.org\/{rel}","templated":true}]}}