{"id":10763,"date":"2024-01-30T11:25:17","date_gmt":"2024-01-30T11:25:17","guid":{"rendered":"https:\/\/www.andaluciatrade.es\/consultoria\/?page_id=10763"},"modified":"2024-01-30T11:25:17","modified_gmt":"2024-01-30T11:25:17","slug":"politica-de-cookies","status":"publish","type":"page","link":"https:\/\/www.andaluciatrade.es\/consultoria\/politica-de-cookies\/","title":{"rendered":"Pol\u00edtica de cookies"},"content":{"rendered":"\n<h3 class=\"wp-block-heading\">Sobre la pol\u00edtica de cookies<\/h3>\n\n\n\n<p>El acceso a este Sitio Web puede implicar la utilizaci\u00f3n de cookies. Las cookies son peque\u00f1as cantidades de informaci\u00f3n que se almacenan en el navegador utilizado por cada usuario \u2014en los distintos dispositivos que pueda utilizar para navegar\u2014 para que el servidor recuerde cierta informaci\u00f3n que posteriormente y \u00fanicamente el servidor que la implement\u00f3 leer\u00e1. Las cookies facilitan la navegaci\u00f3n, la hacen m\u00e1s amigable, y no da\u00f1an el dispositivo de navegaci\u00f3n.<br>Usted puede cambiar o modificar su consentimiento acerca de la Declaraci\u00f3n de Cookies en cualquier momento. Para saber m\u00e1s acerca de Andaluc\u00eda TRADE, c\u00f3mo contactar con nosotros o c\u00f3mo procesamos los datos en este sitio web, consulte nuestra Pol\u00edtica de Privacidad de datos.<\/p>\n\n\n\n<p>Su consentimiento se aplica a todas las p\u00e1ginas del sitio <a href=\"https:\/\/www.andaluciatrade.es\/consultoria\/\">www.andaluciatrade.es\/consultoria\/<\/a><\/p>\n\n\n\n<div style=\"height:30px\" aria-hidden=\"true\" class=\"wp-block-spacer\"><\/div>\n\n\n\n<div class=\"wt-cli-element cli_user_consent_state\"><\/div>\n\n\n\n<div style=\"height:30px\" aria-hidden=\"true\" class=\"wp-block-spacer\"><\/div>\n\n\n\n<h3 class=\"wp-block-heading\">\u00bfQu\u00e9 son las cookies?<\/h3>\n\n\n\n<p>Las cookies son procedimientos autom\u00e1ticos de recogida de informaci\u00f3n relativa a las preferencias determinadas por el usuario durante su visita al Sitio Web con el fin de reconocerlo como usuario, y personalizar su experiencia y el uso del Sitio Web, y pueden tambi\u00e9n, por ejemplo, ayudar a identificar y resolver errores. &nbsp;<\/p>\n\n\n\n<h3 class=\"wp-block-heading\">\u00bfC\u00f3mo usamos las cookies?<\/h3>\n\n\n\n<p>La informaci\u00f3n recabada a trav\u00e9s de las cookies puede incluir la fecha y hora de visitas al Sitio Web, las p\u00e1ginas visionadas, el tiempo que ha estado en el Sitio Web y los sitios visitados justo antes y despu\u00e9s del mismo. Sin embargo, ninguna cookie permite que esta misma pueda contactarse con el n\u00famero de tel\u00e9fono del usuario o con cualquier otro medio de contacto personal. Ninguna cookie puede extraer informaci\u00f3n del disco duro del usuario o robar informaci\u00f3n personal. La \u00fanica manera de que la informaci\u00f3n privada del usuario forme parte del archivo Cookie es que el usuario d\u00e9 personalmente esa informaci\u00f3n al servidor.<br>Las cookies que permiten identificar a una persona se consideran datos personales. Por tanto, a las mismas les ser\u00e1 de aplicaci\u00f3n la Pol\u00edtica de Privacidad anteriormente descrita. En este sentido, para la utilizaci\u00f3n de las mismas ser\u00e1 necesario el consentimiento del usuario. Este consentimiento ser\u00e1 comunicado, en base a una elecci\u00f3n aut\u00e9ntica, ofrecido mediante una decisi\u00f3n afirmativa y positiva, antes del tratamiento inicial, removible y documentado. &nbsp;<\/p>\n\n\n\n<h3 class=\"wp-block-heading\">\u00bfQu\u00e9 tipos de cookies usamos?<\/h3>\n\n\n\n<p>Las cookies usadas en nuestro sitio web se agrupan en las siguientes categor\u00edas:<br><div class=\"wt-cli-element cli_cookie_category_single\"><div class=\"cli_cookie_category_single\"><h5 class=\"cli_cookie_category_single_hd\">Necesarias<\/h5><div class=\"cli_cookie_category_single_description\"><p>Son aquellas cookies que son enviadas al ordenador o dispositivo del Usuario y gestionadas exclusivamente por Andaluc\u00eda TRADE - Agencia Empresarial para la Transformaci\u00f3n y el Desarrollo Econ\u00f3mico para el mejor funcionamiento del Sitio Web. La informaci\u00f3n que se recaba se emplea para mejorar la calidad del Sitio Web y su Contenido y su experiencia como usuario. Estas cookies permiten reconocer al usuario como visitante recurrente del Sitio Web y adaptar el contenido para ofrecerle contenidos que se ajusten a sus preferencias.\r\n<table class=\"wt-cli-element cookielawinfo-row-cat-table cookielawinfo-winter\"><thead><tr><th scope=\"col\" class=\"cookielawinfo-column-1\">Cookie<\/th><th scope=\"col\" class=\"cookielawinfo-column-3\">Duration<\/th><th scope=\"col\" class=\"cookielawinfo-column-4\">Description<\/th><\/tr><\/thead><tbody><tr class=\"cookielawinfo-row\"><td class=\"cookielawinfo-column-1\">CookieLawInfoConsent<\/td><td class=\"cookielawinfo-column-3\">1 year<\/td><td class=\"cookielawinfo-column-4\">CookieYes sets this cookie to record the default button state of the corresponding category and the status of CCPA. It works only in coordination with the primary cookie.<\/td><\/tr><tr class=\"cookielawinfo-row\"><td class=\"cookielawinfo-column-1\">PHPSESSID<\/td><td class=\"cookielawinfo-column-3\">session<\/td><td class=\"cookielawinfo-column-4\">This cookie is native to PHP applications. The cookie stores and identifies a user's unique session ID to manage user sessions on the website. The cookie is a session cookie and will be deleted when all the browser windows are closed.<\/td><\/tr><tr class=\"cookielawinfo-row\"><td class=\"cookielawinfo-column-1\">viewed_cookie_policy<\/td><td class=\"cookielawinfo-column-3\">1 year<\/td><td class=\"cookielawinfo-column-4\">The GDPR Cookie Consent plugin sets the cookie to store whether or not the user has consented to use cookies. It does not store any personal data.<\/td><\/tr><tr class=\"cookielawinfo-row\"><td class=\"cookielawinfo-column-1\">wordpress_test_cookie<\/td><td class=\"cookielawinfo-column-3\">session<\/td><td class=\"cookielawinfo-column-4\">WordPress sets this cookie to determine whether cookies are enabled on the users' browsers.<\/td><\/tr><\/tbody><\/table><\/p><\/div><\/div><div class=\"cli_cookie_category_single\"><h5 class=\"cli_cookie_category_single_hd\">Otras<\/h5><div class=\"cli_cookie_category_single_description\"><p>Cookies utilizadas en el sitio web y que no est\u00e1n clasificadas en una categor\u00eda espec\u00edfica.\r\n<table class=\"wt-cli-element cookielawinfo-row-cat-table cookielawinfo-winter\"><thead><tr><th scope=\"col\" class=\"cookielawinfo-column-1\">Cookie<\/th><th scope=\"col\" class=\"cookielawinfo-column-3\">Duration<\/th><th scope=\"col\" class=\"cookielawinfo-column-4\">Description<\/th><\/tr><\/thead><tbody><tr class=\"cookielawinfo-row\"><td class=\"cookielawinfo-column-1\">VISITOR_PRIVACY_METADATA<\/td><td class=\"cookielawinfo-column-3\">6 months<\/td><td class=\"cookielawinfo-column-4\">Description is currently not available.<\/td><\/tr><\/tbody><\/table><\/p><\/div><\/div><div class=\"cli_cookie_category_single\"><h5 class=\"cli_cookie_category_single_hd\">Publicidad<\/h5><div class=\"cli_cookie_category_single_description\"><p>Las cookies publicitarias se utilizan para proporcionar anuncios y campa\u00f1as de marketing relevantes para los usuarios. Estas cookies pueden ser utilizadas por terceros para proporcionar anuncios personalizados en otros sitios web.\r\n\r\n<table class=\"wt-cli-element cookielawinfo-row-cat-table cookielawinfo-winter\"><thead><tr><th scope=\"col\" class=\"cookielawinfo-column-1\">Cookie<\/th><th scope=\"col\" class=\"cookielawinfo-column-3\">Duration<\/th><th scope=\"col\" class=\"cookielawinfo-column-4\">Description<\/th><\/tr><\/thead><tbody><tr class=\"cookielawinfo-row\"><td class=\"cookielawinfo-column-1\">VISITOR_INFO1_LIVE<\/td><td class=\"cookielawinfo-column-3\">6 months<\/td><td class=\"cookielawinfo-column-4\">YouTube sets this cookie to measure bandwidth, determining whether the user gets the new or old player interface.<\/td><\/tr><tr class=\"cookielawinfo-row\"><td class=\"cookielawinfo-column-1\">YSC<\/td><td class=\"cookielawinfo-column-3\">session<\/td><td class=\"cookielawinfo-column-4\">Youtube sets this cookie to track the views of embedded videos on Youtube pages.<\/td><\/tr><tr class=\"cookielawinfo-row\"><td class=\"cookielawinfo-column-1\">yt-remote-connected-devices<\/td><td class=\"cookielawinfo-column-3\">never<\/td><td class=\"cookielawinfo-column-4\">YouTube sets this cookie to store the user's video preferences using embedded YouTube videos.<\/td><\/tr><tr class=\"cookielawinfo-row\"><td class=\"cookielawinfo-column-1\">yt-remote-device-id<\/td><td class=\"cookielawinfo-column-3\">never<\/td><td class=\"cookielawinfo-column-4\">YouTube sets this cookie to store the user's video preferences using embedded YouTube videos.<\/td><\/tr><tr class=\"cookielawinfo-row\"><td class=\"cookielawinfo-column-1\">yt.innertube::nextId<\/td><td class=\"cookielawinfo-column-3\">never<\/td><td class=\"cookielawinfo-column-4\">YouTube sets this cookie to register a unique ID to store data on what videos from YouTube the user has seen.<\/td><\/tr><tr class=\"cookielawinfo-row\"><td class=\"cookielawinfo-column-1\">yt.innertube::requests<\/td><td class=\"cookielawinfo-column-3\">never<\/td><td class=\"cookielawinfo-column-4\">YouTube sets this cookie to register a unique ID to store data on what videos from YouTube the user has seen.<\/td><\/tr><\/tbody><\/table><\/p><\/div><\/div><div class=\"cli_cookie_category_single\"><h5 class=\"cli_cookie_category_single_hd\">Anal\u00edticas<\/h5><div class=\"cli_cookie_category_single_description\"><p>Las cookies de an\u00e1lisis se utilizan paran entender c\u00f3mo lo visitantes interact\u00faan con el sitio web. Estas cookies proporcionan informaci\u00f3n como el n\u00famero de visitas, visitantes \u00fanicos, fuentes de tr\u00e1fico, etc.\r\n\r\n<\/p><\/div><\/div><div class=\"cli_cookie_category_single\"><h5 class=\"cli_cookie_category_single_hd\">Funcionales<\/h5><div class=\"cli_cookie_category_single_description\"><p>Estas cookies son \u00fatiles para determinadas funcionalidades no esenciales de nuestro sitio web, como pueden ser v\u00eddeos incrustados o compartir contenido de este sitio web en redes sociales.\r\n<table class=\"wt-cli-element cookielawinfo-row-cat-table cookielawinfo-winter\"><thead><tr><th scope=\"col\" class=\"cookielawinfo-column-1\">Cookie<\/th><th scope=\"col\" class=\"cookielawinfo-column-3\">Duration<\/th><th scope=\"col\" class=\"cookielawinfo-column-4\">Description<\/th><\/tr><\/thead><tbody><tr class=\"cookielawinfo-row\"><td class=\"cookielawinfo-column-1\">_gat<\/td><td class=\"cookielawinfo-column-3\">1 minute<\/td><td class=\"cookielawinfo-column-4\">Google Universal Analytics sets this cookie to restrain request rate and thus limit data collection on high-traffic sites.<\/td><\/tr><\/tbody><\/table><\/p><\/div><\/div><\/div><\/p>\n\n\n\n<h3 class=\"wp-block-heading\">Deshabilitar, rechazar y eliminar cookies<\/h3>\n\n\n\n<p>El usuario puede deshabilitar, rechazar y eliminar las cookies \u2014total o parcialmente\u2014 instaladas en su dispositivo mediante la configuraci\u00f3n de su navegador (entre los que se encuentran, por ejemplo, Chrome, Firefox, Safari, Explorer). En este sentido, los procedimientos para rechazar y eliminar las cookies pueden diferir de un navegador de Internet a otro. En consecuencia, el usuario debe acudir a las instrucciones facilitadas por el propio navegador de Internet que est\u00e9 utilizando. En el supuesto de que rechace el uso de cookies \u2014total o parcialmente\u2014 podr\u00e1 seguir usando el Sitio Web, si bien podr\u00e1 tener limitada la utilizaci\u00f3n de algunas de las prestaciones del mismo.<\/p>\n\n\n\n<p><code><a id=\"wt-cli-settings-btn\" tabindex=\"0\" role='button' style=\"padding:8px 25px; text-decoration:none; border-color:rgb(255, 255, 255);\" class=\"wt-cli-element medium cli-plugin-button cli-plugin-main-button cli_settings_button\" >Configurar<\/a><\/code><br>Es necesario indicar que los diferentes navegadores proporcionan diversos m\u00e9todos para bloquear y borrar cookies. Puede cambiar las preferencias de su navegador para este cometido. Para saber m\u00e1s acerca de c\u00f3mo gestionar las cookies de su navegador, visite wikipedia.org, www.allaboutcookies.org.<\/p>\n","protected":false},"excerpt":{"rendered":"<p>Sobre la pol\u00edtica de cookies El acceso a este Sitio Web puede implicar la utilizaci\u00f3n de cookies. Las cookies son peque\u00f1as cantidades de informaci\u00f3n que se almacenan en el navegador utilizado por cada usuario \u2014en los distintos dispositivos que pueda &hellip; <a href=\"https:\/\/www.andaluciatrade.es\/consultoria\/politica-de-cookies\/\">Sigue leyendo <span class=\"meta-nav\">&rarr;<\/span><\/a><\/p>\n","protected":false},"author":12766,"featured_media":0,"parent":0,"menu_order":0,"comment_status":"closed","ping_status":"closed","template":"","meta":{"footnotes":""},"class_list":["post-10763","page","type-page","status-publish","hentry"],"_links":{"self":[{"href":"https:\/\/www.andaluciatrade.es\/consultoria\/wp-json\/wp\/v2\/pages\/10763","targetHints":{"allow":["GET"]}}],"collection":[{"href":"https:\/\/www.andaluciatrade.es\/consultoria\/wp-json\/wp\/v2\/pages"}],"about":[{"href":"https:\/\/www.andaluciatrade.es\/consultoria\/wp-json\/wp\/v2\/types\/page"}],"author":[{"embeddable":true,"href":"https:\/\/www.andaluciatrade.es\/consultoria\/wp-json\/wp\/v2\/users\/12766"}],"replies":[{"embeddable":true,"href":"https:\/\/www.andaluciatrade.es\/consultoria\/wp-json\/wp\/v2\/comments?post=10763"}],"version-history":[{"count":1,"href":"https:\/\/www.andaluciatrade.es\/consultoria\/wp-json\/wp\/v2\/pages\/10763\/revisions"}],"predecessor-version":[{"id":10764,"href":"https:\/\/www.andaluciatrade.es\/consultoria\/wp-json\/wp\/v2\/pages\/10763\/revisions\/10764"}],"wp:attachment":[{"href":"https:\/\/www.andaluciatrade.es\/consultoria\/wp-json\/wp\/v2\/media?parent=10763"}],"curies":[{"name":"wp","href":"https:\/\/api.w.org\/{rel}","templated":true}]}}