{"id":2690,"date":"2018-08-06T10:40:06","date_gmt":"2018-08-06T10:40:06","guid":{"rendered":"https:\/\/www.andaluciatrade.es\/consultoria\/?page_id=2690"},"modified":"2020-02-25T11:55:02","modified_gmt":"2020-02-25T11:55:02","slug":"diagnostico-documentacion-para-solicitar-el-programa","status":"publish","type":"page","link":"https:\/\/www.andaluciatrade.es\/consultoria\/programas\/diagnostico\/diagnostico-documentacion-para-solicitar-el-programa\/","title":{"rendered":"Documentaci\u00f3n Inscripci\u00f3n Programa de Diagn\u00f3stico"},"content":{"rendered":"<p><a href=\"https:\/\/www.andaluciatrade.es\/consultoria\/empresas-participantes-en-el-programa-de-diagnostico\/\"><img loading=\"lazy\" decoding=\"async\" class=\"alignleft wp-image-2695\" src=\"https:\/\/www.andaluciatrade.es\/consultoria\/files\/2018\/01\/Photography-Workshop-1-300x150.png\" alt=\"Photography Workshop (1)\" width=\"105\" height=\"53\" \/><\/a><a href=\"https:\/\/www.andaluciatrade.es\/consultoria\/panel-consultores-homologados-diagnostico\/\"><img loading=\"lazy\" decoding=\"async\" class=\"alignleft wp-image-2696\" src=\"https:\/\/www.andaluciatrade.es\/consultoria\/files\/2018\/01\/panel-consultores-2-300x150.png\" alt=\"panel consultores (2)\" width=\"105\" height=\"53\" srcset=\"https:\/\/www.andaluciatrade.es\/consultoria\/wp-content\/uploads\/sites\/8\/2018\/01\/panel-consultores-2-300x150.png 300w, https:\/\/www.andaluciatrade.es\/consultoria\/wp-content\/uploads\/sites\/8\/2018\/01\/panel-consultores-2.png 1024w, https:\/\/www.andaluciatrade.es\/consultoria\/wp-content\/uploads\/sites\/8\/2018\/01\/panel-consultores-2-500x250.png 500w\" sizes=\"auto, (max-width: 105px) 100vw, 105px\" \/><\/a><a href=\"https:\/\/www.andaluciatrade.es\/consultoria\/procedimiento-solicitud-diagnostico\/\"><img loading=\"lazy\" decoding=\"async\" class=\"alignleft wp-image-2698\" src=\"https:\/\/www.andaluciatrade.es\/consultoria\/files\/2018\/01\/procedimientosolicitud-300x150.png\" alt=\"procedimientosolicitud\" width=\"105\" height=\"53\" srcset=\"https:\/\/www.andaluciatrade.es\/consultoria\/wp-content\/uploads\/sites\/8\/2018\/01\/procedimientosolicitud-300x150.png 300w, https:\/\/www.andaluciatrade.es\/consultoria\/wp-content\/uploads\/sites\/8\/2018\/01\/procedimientosolicitud.png 1024w, https:\/\/www.andaluciatrade.es\/consultoria\/wp-content\/uploads\/sites\/8\/2018\/01\/procedimientosolicitud-500x250.png 500w\" sizes=\"auto, (max-width: 105px) 100vw, 105px\" \/><\/a><\/p>\n<p>&nbsp;<\/p>\n<p>&nbsp;<\/p>\n<p><a href=\"https:\/\/www.andaluciatrade.es\/diagnostico-extenda\/\"><img loading=\"lazy\" decoding=\"async\" class=\"size-medium wp-image-5830 alignleft\" src=\"https:\/\/www.andaluciatrade.es\/consultoria\/files\/2018\/08\/INSCRIPCI\u00d3N-3-300x100.png\" alt=\"INSCRIPCI\u00d3N (3)\" width=\"300\" height=\"100\" srcset=\"https:\/\/www.andaluciatrade.es\/consultoria\/wp-content\/uploads\/sites\/8\/2018\/08\/INSCRIPCI\u00d3N-3-300x100.png 300w, https:\/\/www.andaluciatrade.es\/consultoria\/wp-content\/uploads\/sites\/8\/2018\/08\/INSCRIPCI\u00d3N-3-500x167.png 500w, https:\/\/www.andaluciatrade.es\/consultoria\/wp-content\/uploads\/sites\/8\/2018\/08\/INSCRIPCI\u00d3N-3.png 600w\" sizes=\"auto, (max-width: 300px) 100vw, 300px\" \/><\/a><\/p>\n<p>&nbsp;<\/p>\n<p>&nbsp;<\/p>\n<p>&nbsp;<\/p>\n<p><img loading=\"lazy\" decoding=\"async\" class=\" wp-image-297 alignleft\" src=\"https:\/\/www.andaluciatrade.es\/consultoria\/files\/2018\/01\/icon_PDF-150x150.png\" alt=\"icon_PDF\" width=\"46\" height=\"46\" \/><\/p>\n<p><a href=\"https:\/\/www.andaluciatrade.es\/wp-content\/uploads\/2018\/01\/2019-0173-Convocatoria-Programa-de-Diagn%C3%B3stico.pdf\">\u00a0Bases de la Convocatoria para el Programa de Diagn\u00f3stico del Potencial de Internacionalizaci\u00f3n de la Empresa Andaluza 2019.<\/a><\/p>\n<p>&nbsp;<\/p>\n<p>Para m\u00e1s informaci\u00f3n: <a href=\"mailto:diagnostico@extenda.es\"><u><span style=\"color: #127533\">diagnostico@extenda.es<\/span><\/u><\/a><\/p>\n<p><a href=\"https:\/\/www.andaluciatrade.es\/consultoria\/programas\/diagnostico\/\"><strong>&lt;\u00a0VOLVER<\/strong><\/a><\/p>\n","protected":false},"excerpt":{"rendered":"<p>&nbsp; &nbsp; &nbsp; &nbsp; &nbsp; \u00a0Bases de la Convocatoria para el Programa de Diagn\u00f3stico del Potencial de Internacionalizaci\u00f3n de la Empresa Andaluza 2019. &nbsp; Para m\u00e1s informaci\u00f3n: diagnostico@extenda.es &lt;\u00a0VOLVER<\/p>\n","protected":false},"author":6395,"featured_media":0,"parent":79,"menu_order":3,"comment_status":"closed","ping_status":"closed","template":"","meta":{"footnotes":""},"class_list":["post-2690","page","type-page","status-publish","hentry"],"_links":{"self":[{"href":"https:\/\/www.andaluciatrade.es\/consultoria\/wp-json\/wp\/v2\/pages\/2690","targetHints":{"allow":["GET"]}}],"collection":[{"href":"https:\/\/www.andaluciatrade.es\/consultoria\/wp-json\/wp\/v2\/pages"}],"about":[{"href":"https:\/\/www.andaluciatrade.es\/consultoria\/wp-json\/wp\/v2\/types\/page"}],"author":[{"embeddable":true,"href":"https:\/\/www.andaluciatrade.es\/consultoria\/wp-json\/wp\/v2\/users\/6395"}],"replies":[{"embeddable":true,"href":"https:\/\/www.andaluciatrade.es\/consultoria\/wp-json\/wp\/v2\/comments?post=2690"}],"version-history":[{"count":3,"href":"https:\/\/www.andaluciatrade.es\/consultoria\/wp-json\/wp\/v2\/pages\/2690\/revisions"}],"predecessor-version":[{"id":6775,"href":"https:\/\/www.andaluciatrade.es\/consultoria\/wp-json\/wp\/v2\/pages\/2690\/revisions\/6775"}],"up":[{"embeddable":true,"href":"https:\/\/www.andaluciatrade.es\/consultoria\/wp-json\/wp\/v2\/pages\/79"}],"wp:attachment":[{"href":"https:\/\/www.andaluciatrade.es\/consultoria\/wp-json\/wp\/v2\/media?parent=2690"}],"curies":[{"name":"wp","href":"https:\/\/api.w.org\/{rel}","templated":true}]}}