{"id":2849,"date":"2018-08-07T12:11:22","date_gmt":"2018-08-07T12:11:22","guid":{"rendered":"https:\/\/www.andaluciatrade.es\/consultoria\/?page_id=2849"},"modified":"2019-02-06T23:54:09","modified_gmt":"2019-02-06T23:54:09","slug":"panel-consultores-homologados-diagnostico","status":"publish","type":"page","link":"https:\/\/www.andaluciatrade.es\/consultoria\/programas\/diagnostico\/panel-consultores-homologados-diagnostico\/","title":{"rendered":"Panel de Consultores Homologados Programa de Diagn\u00f3stico"},"content":{"rendered":"<p><a href=\"https:\/\/www.andaluciatrade.es\/consultoria\/empresas-participantes-en-el-programa-de-diagnostico\/\"><img loading=\"lazy\" decoding=\"async\" class=\"alignleft wp-image-2695\" src=\"https:\/\/www.andaluciatrade.es\/consultoria\/files\/2018\/01\/Photography-Workshop-1-300x150.png\" alt=\"Photography Workshop (1)\" width=\"105\" height=\"53\" \/><\/a><a href=\"https:\/\/www.andaluciatrade.es\/consultoria\/procedimiento-solicitud-diagnostico\/\"><img loading=\"lazy\" decoding=\"async\" class=\"alignleft wp-image-2698\" src=\"https:\/\/www.andaluciatrade.es\/consultoria\/files\/2018\/01\/procedimientosolicitud-300x150.png\" alt=\"procedimientosolicitud\" width=\"105\" height=\"53\" srcset=\"https:\/\/www.andaluciatrade.es\/consultoria\/wp-content\/uploads\/sites\/8\/2018\/01\/procedimientosolicitud-300x150.png 300w, https:\/\/www.andaluciatrade.es\/consultoria\/wp-content\/uploads\/sites\/8\/2018\/01\/procedimientosolicitud.png 1024w, https:\/\/www.andaluciatrade.es\/consultoria\/wp-content\/uploads\/sites\/8\/2018\/01\/procedimientosolicitud-500x250.png 500w\" sizes=\"auto, (max-width: 105px) 100vw, 105px\" \/><\/a><a href=\"https:\/\/www.andaluciatrade.es\/consultoria\/diagnostico-documentacion-para-solicitar-el-programa\/\"><img loading=\"lazy\" decoding=\"async\" class=\"alignleft wp-image-2699\" src=\"https:\/\/www.andaluciatrade.es\/consultoria\/files\/2018\/01\/Documentos-Inscripci\u00f3n-11-300x150.png\" alt=\"Documentos Inscripci\u00f3n (1)\" width=\"105\" height=\"53\" srcset=\"https:\/\/www.andaluciatrade.es\/consultoria\/wp-content\/uploads\/sites\/8\/2018\/01\/Documentos-Inscripci\u00f3n-11-300x150.png 300w, https:\/\/www.andaluciatrade.es\/consultoria\/wp-content\/uploads\/sites\/8\/2018\/01\/Documentos-Inscripci\u00f3n-11.png 1024w, https:\/\/www.andaluciatrade.es\/consultoria\/wp-content\/uploads\/sites\/8\/2018\/01\/Documentos-Inscripci\u00f3n-11-500x250.png 500w\" sizes=\"auto, (max-width: 105px) 100vw, 105px\" \/><\/a><\/p>\n<p>&nbsp;<\/p>\n<p>&nbsp;<\/p>\n<p><img loading=\"lazy\" decoding=\"async\" class=\"alignnone size-full wp-image-1353\" src=\"https:\/\/www.andaluciatrade.es\/consultoria\/files\/2018\/01\/PANEL-DE-CONSULTORES-HOMOLOGADOS-EXTENDA-DIAGNO\u0301STICO-II.jpg\" alt=\"Panel de Consultores Homologados por Extenda - Dise\u00f1o - Jos\u00e9 Antonio Forte Vizca\u00edno\" width=\"3830\" height=\"5343\" srcset=\"https:\/\/www.andaluciatrade.es\/consultoria\/wp-content\/uploads\/sites\/8\/2018\/01\/PANEL-DE-CONSULTORES-HOMOLOGADOS-EXTENDA-DIAGNO\u0301STICO-II.jpg 3830w, https:\/\/www.andaluciatrade.es\/consultoria\/wp-content\/uploads\/sites\/8\/2018\/01\/PANEL-DE-CONSULTORES-HOMOLOGADOS-EXTENDA-DIAGNO\u0301STICO-II-215x300.jpg 215w, https:\/\/www.andaluciatrade.es\/consultoria\/wp-content\/uploads\/sites\/8\/2018\/01\/PANEL-DE-CONSULTORES-HOMOLOGADOS-EXTENDA-DIAGNO\u0301STICO-II-734x1024.jpg 734w\" sizes=\"auto, (max-width: 3830px) 100vw, 3830px\" \/><\/p>\n<p>&nbsp;<\/p>\n<p><a href=\"https:\/\/www.andaluciatrade.es\/consultoria\/programas\/diagnostico\/\"><strong>&lt;\u00a0VOLVER<\/strong><\/a><\/p>\n","protected":false},"excerpt":{"rendered":"<p>&nbsp; &nbsp; &nbsp; &lt;\u00a0VOLVER<\/p>\n","protected":false},"author":6395,"featured_media":0,"parent":79,"menu_order":1,"comment_status":"closed","ping_status":"closed","template":"","meta":{"footnotes":""},"class_list":["post-2849","page","type-page","status-publish","hentry"],"_links":{"self":[{"href":"https:\/\/www.andaluciatrade.es\/consultoria\/wp-json\/wp\/v2\/pages\/2849","targetHints":{"allow":["GET"]}}],"collection":[{"href":"https:\/\/www.andaluciatrade.es\/consultoria\/wp-json\/wp\/v2\/pages"}],"about":[{"href":"https:\/\/www.andaluciatrade.es\/consultoria\/wp-json\/wp\/v2\/types\/page"}],"author":[{"embeddable":true,"href":"https:\/\/www.andaluciatrade.es\/consultoria\/wp-json\/wp\/v2\/users\/6395"}],"replies":[{"embeddable":true,"href":"https:\/\/www.andaluciatrade.es\/consultoria\/wp-json\/wp\/v2\/comments?post=2849"}],"version-history":[{"count":2,"href":"https:\/\/www.andaluciatrade.es\/consultoria\/wp-json\/wp\/v2\/pages\/2849\/revisions"}],"predecessor-version":[{"id":4285,"href":"https:\/\/www.andaluciatrade.es\/consultoria\/wp-json\/wp\/v2\/pages\/2849\/revisions\/4285"}],"up":[{"embeddable":true,"href":"https:\/\/www.andaluciatrade.es\/consultoria\/wp-json\/wp\/v2\/pages\/79"}],"wp:attachment":[{"href":"https:\/\/www.andaluciatrade.es\/consultoria\/wp-json\/wp\/v2\/media?parent=2849"}],"curies":[{"name":"wp","href":"https:\/\/api.w.org\/{rel}","templated":true}]}}