{"id":2898,"date":"2018-08-08T06:48:57","date_gmt":"2018-08-08T06:48:57","guid":{"rendered":"https:\/\/www.andaluciatrade.es\/consultoria\/?page_id=2898"},"modified":"2020-07-14T12:41:00","modified_gmt":"2020-07-14T12:41:00","slug":"marca-consultores","status":"publish","type":"page","link":"https:\/\/www.andaluciatrade.es\/consultoria\/programas\/marca\/marca-consultores\/","title":{"rendered":"Panel de Consultores del Programa de Marca"},"content":{"rendered":"<h6><strong> <\/strong><a href=\"https:\/\/www.andaluciatrade.es\/consultoria\/marca-empresas\/\"><img loading=\"lazy\" decoding=\"async\" class=\"alignleft wp-image-2695\" src=\"https:\/\/www.andaluciatrade.es\/consultoria\/wp-content\/uploads\/sites\/8\/2018\/01\/Photography-Workshop-1-300x150.png\" alt=\"Photography Workshop (1)\" width=\"105\" height=\"53\"><\/a><a href=\"https:\/\/www.andaluciatrade.es\/consultoria\/marca-documentacion\/\"><img loading=\"lazy\" decoding=\"async\" class=\"alignleft wp-image-2699\" src=\"https:\/\/www.andaluciatrade.es\/consultoria\/wp-content\/uploads\/sites\/8\/2018\/01\/Documentos-Inscripci\u00f3n-11-300x150.png\" alt=\"Documentos Inscripci\u00f3n (1)\" width=\"105\" height=\"53\" srcset=\"https:\/\/www.andaluciatrade.es\/consultoria\/wp-content\/uploads\/sites\/8\/2018\/01\/Documentos-Inscripci\u00f3n-11-300x150.png 300w, https:\/\/www.andaluciatrade.es\/consultoria\/wp-content\/uploads\/sites\/8\/2018\/01\/Documentos-Inscripci\u00f3n-11.png 1024w, https:\/\/www.andaluciatrade.es\/consultoria\/wp-content\/uploads\/sites\/8\/2018\/01\/Documentos-Inscripci\u00f3n-11-500x250.png 500w\" sizes=\"auto, (max-width: 105px) 100vw, 105px\" \/><\/a><\/h6>\n<p style=\"text-align: justify;\"><strong>      <\/strong><\/p>\n<h6><strong>Ignacio Ramos<strong>     <\/strong><\/strong><\/h6>\n<h6><strong><strong>              <\/strong><\/strong><\/h6>\n<h6 style=\"text-align: justify;\"><strong><img loading=\"lazy\" decoding=\"async\" class=\" alignleft\" src=\"https:\/\/www.andaluciatrade.es\/consultoria\/wp-content\/uploads\/sites\/8\/2018\/01\/Ignacio.jpg\" alt=\"Ignacio\" width=\"122\" height=\"159\"><\/strong>Consultor de imagen y comunicaci\u00f3n corporativa y presidente Grupo CIAC, firma especializada desde hace 45 a\u00f1os en la Creaci\u00f3n de Marca y definici\u00f3n de Estrategias de Branding Corporativo. M\u00e1ster en Direcci\u00f3n Comercial y Marketing. Licenciado en Ciencias Econ\u00f3micas y Empresariales y especializado en Comercializaci\u00f3n por la Universidad Complutense de Madrid. <strong>   <\/strong><\/h6>\n<p><strong>Jos\u00e9 Luis<\/strong> <strong>Mart\u00ednez<\/strong><strong>                       <\/strong><\/p>\n<p style=\"text-align: justify;\"><strong><img loading=\"lazy\" decoding=\"async\" class=\" alignright\" src=\"https:\/\/www.andaluciatrade.es\/consultoria\/wp-content\/uploads\/sites\/8\/2018\/08\/Jose.-.jpg\" alt=\"Jose.-\" width=\"151\" height=\"160\"><\/strong><\/p>\n<p style=\"text-align: justify;\">Consultor en imagen y comunicaci\u00f3n corporativa. Bachelor (Honours) en Ciencias de la Comunicaci\u00f3n, Publicidad y Relaciones P\u00fablicas por CEADE de Sevilla. Formado en Planificaci\u00f3n Estrat\u00e9gica en Publicidad. Amplia trayectoria profesional como consultor de branding estrat\u00e9gico, gesti\u00f3n de campa\u00f1as publicitarias, redactor creativo, dise\u00f1ador gr\u00e1fico y desarrollador de estrategias de marcasy comunicaci\u00f3n.<\/p>\n<p><strong>Laura S\u00e1nchez<\/strong><\/p>\n<p><img loading=\"lazy\" decoding=\"async\" class=\"  wp-image-7403 alignleft\" src=\"https:\/\/www.andaluciatrade.es\/consultoria\/wp-content\/uploads\/sites\/8\/2018\/08\/Laura-S\u00e1nchez.png\" alt=\"Laura S\u00e1nchez\" width=\"130\" height=\"158\"><\/p>\n<p style=\"text-align: justify;\">Consultora en imagen de marca, comunicaci\u00f3n corporativa y estrategias de marketing. Directora de Proyectos de Grupo CIAC. Dipl\u00f4me Baccalaur\u00e9ate Fran\u04abais en Ciencias y Bachelor of Science en Ingenier\u00eda Industrial por la Universidad de los Andes de Bogot\u00e1. Amplia experiencia en el \u00e1rea de marketing, trade marketing, comunicaci\u00f3n y branding en multinacionales del sector de gran consumo.<\/p>\n<p><strong>Manuel M\u00e1rquez<br \/>\n<\/strong><\/p>\n<p><strong><img loading=\"lazy\" decoding=\"async\" class=\"  wp-image-7405 alignright\" src=\"https:\/\/www.andaluciatrade.es\/consultoria\/wp-content\/uploads\/sites\/8\/2018\/08\/Manuel-M\u00e1rquez1.jpg\" alt=\"Manuel M\u00e1rquez\" width=\"156\" height=\"156\" srcset=\"https:\/\/www.andaluciatrade.es\/consultoria\/wp-content\/uploads\/sites\/8\/2018\/08\/Manuel-M\u00e1rquez1.jpg 200w, https:\/\/www.andaluciatrade.es\/consultoria\/wp-content\/uploads\/sites\/8\/2018\/08\/Manuel-M\u00e1rquez1-150x150.jpg 150w\" sizes=\"auto, (max-width: 156px) 100vw, 156px\" \/><\/strong><\/p>\n<p style=\"text-align: justify;\">Profesional en \u00e1reas de marketing y comunicaci\u00f3n, con formaci\u00f3n directiva y amplios conocimientos en branding, relaciones p\u00fablicas, transformaci\u00f3n digital y comunicaci\u00f3n corporativa. M\u00e1ster en Direcci\u00f3n de Marketing y Gesti\u00f3n Comercial por el ESIC Business School, y licenciado en Ciencias de la Informaci\u00f3n por la Universidad Francisco de Vitoria y la Universidad Complutense de Madrid.<\/p>\n<p style=\"text-align: justify;\">Para m\u00e1s informaci\u00f3n: <u><a href=\"mailto:marcas@extenda.es\">marcas@extenda.es<\/a><\/u><\/p>\n<p><strong><a href=\"https:\/\/www.andaluciatrade.es\/consultoria\/programas\/marca\/\">&lt; VOLVER<\/a><\/strong><\/p>\n","protected":false},"excerpt":{"rendered":"<p>Ignacio Ramos Consultor de imagen y comunicaci\u00f3n corporativa y presidente Grupo CIAC, firma especializada desde hace 45 a\u00f1os en la Creaci\u00f3n de Marca y definici\u00f3n de Estrategias de Branding Corporativo. M\u00e1ster en Direcci\u00f3n Comercial y Marketing. Licenciado en Ciencias Econ\u00f3micas &hellip; <a href=\"https:\/\/www.andaluciatrade.es\/consultoria\/programas\/marca\/marca-consultores\/\">Sigue leyendo <span class=\"meta-nav\">&rarr;<\/span><\/a><\/p>\n","protected":false},"author":6397,"featured_media":0,"parent":77,"menu_order":1,"comment_status":"closed","ping_status":"closed","template":"","meta":{"footnotes":""},"class_list":["post-2898","page","type-page","status-publish","hentry"],"_links":{"self":[{"href":"https:\/\/www.andaluciatrade.es\/consultoria\/wp-json\/wp\/v2\/pages\/2898","targetHints":{"allow":["GET"]}}],"collection":[{"href":"https:\/\/www.andaluciatrade.es\/consultoria\/wp-json\/wp\/v2\/pages"}],"about":[{"href":"https:\/\/www.andaluciatrade.es\/consultoria\/wp-json\/wp\/v2\/types\/page"}],"author":[{"embeddable":true,"href":"https:\/\/www.andaluciatrade.es\/consultoria\/wp-json\/wp\/v2\/users\/6397"}],"replies":[{"embeddable":true,"href":"https:\/\/www.andaluciatrade.es\/consultoria\/wp-json\/wp\/v2\/comments?post=2898"}],"version-history":[{"count":2,"href":"https:\/\/www.andaluciatrade.es\/consultoria\/wp-json\/wp\/v2\/pages\/2898\/revisions"}],"predecessor-version":[{"id":10169,"href":"https:\/\/www.andaluciatrade.es\/consultoria\/wp-json\/wp\/v2\/pages\/2898\/revisions\/10169"}],"up":[{"embeddable":true,"href":"https:\/\/www.andaluciatrade.es\/consultoria\/wp-json\/wp\/v2\/pages\/77"}],"wp:attachment":[{"href":"https:\/\/www.andaluciatrade.es\/consultoria\/wp-json\/wp\/v2\/media?parent=2898"}],"curies":[{"name":"wp","href":"https:\/\/api.w.org\/{rel}","templated":true}]}}