{"id":6489,"date":"2020-02-07T12:48:29","date_gmt":"2020-02-07T12:48:29","guid":{"rendered":"https:\/\/www.andaluciatrade.es\/consultoria\/?page_id=6489"},"modified":"2020-03-09T10:17:40","modified_gmt":"2020-03-09T10:17:40","slug":"ambitos-de-asesoramiento","status":"publish","type":"page","link":"https:\/\/www.andaluciatrade.es\/consultoria\/programas\/legal\/ambitos-de-asesoramiento\/","title":{"rendered":"\u00c1mbitos de Asesoramiento"},"content":{"rendered":"<p><a href=\"https:\/\/www.andaluciatrade.es\/consultoria\/programas\/legal-2\/ambitos-geograficos-2\/\"><img loading=\"lazy\" decoding=\"async\" class=\"alignnone  wp-image-6534\" src=\"https:\/\/www.andaluciatrade.es\/consultoria\/files\/2020\/01\/Documentos-Inscripci\u00f3n-4.png\" alt=\"Documentos Inscripci\u00f3n (4)\" width=\"115\" height=\"63\" \/><\/a>\u00a0 <a href=\"https:\/\/www.andaluciatrade.es\/consultoria\/programas\/legal\/empresas-consultoras-homologadas-para-asesoramiento-legal\/\"><img loading=\"lazy\" decoding=\"async\" class=\"alignnone  wp-image-6651\" src=\"https:\/\/www.andaluciatrade.es\/consultoria\/files\/2020\/01\/Panel-consultores.png\" alt=\"Panel consultores\" width=\"111\" height=\"61\" \/><\/a>\u00a0\u00a0<a href=\"https:\/\/www.andaluciatrade.es\/consultoria\/programas\/legal\/documentacion-inscripcion-programa-de-legal-2\/\"><img loading=\"lazy\" decoding=\"async\" class=\"alignnone  wp-image-6358\" src=\"https:\/\/www.andaluciatrade.es\/consultoria\/files\/2020\/01\/Documentos-Inscripci\u00f3n.png\" alt=\"Documentos Inscripci\u00f3n\" width=\"115\" height=\"63\" \/><\/a><\/p>\n<p><span style=\"color: #7a1b7a\"><strong>\u00c1MBITO MERCANTIL<\/strong><\/span><img loading=\"lazy\" decoding=\"async\" src=\"https:\/\/www.andaluciatrade.es\/consultoria\/files\/2020\/02\/AM.jpg\" alt=\"AM\" width=\"633\" height=\"217\" \/><\/p>\n<p><span style=\"color: #7a1b7a\"><strong>\u00c1MBITO LABORAL<br \/>\n<\/strong><\/span><span style=\"color: #7a1b7a\">Asesoramiento en relaci\u00f3n con la expatriaci\u00f3n de trabajadores sobre:<\/span><a href=\"https:\/\/www.andaluciatrade.es\/consultoria\/files\/2020\/02\/al-h01.jpg\"><img loading=\"lazy\" decoding=\"async\" src=\"https:\/\/www.andaluciatrade.es\/consultoria\/files\/2020\/02\/al-h01.jpg\" alt=\"al - h0\" width=\"633\" height=\"411\" \/><\/a><span style=\"color: #7a1b7a\">Asesoramiento tras el establecimiento en el pa\u00eds de destino sobre:<\/span><a href=\"https:\/\/www.andaluciatrade.es\/consultoria\/files\/2020\/02\/AL-H2.jpg\"><img loading=\"lazy\" decoding=\"async\" src=\"https:\/\/www.andaluciatrade.es\/consultoria\/files\/2020\/02\/AL-H2.jpg\" alt=\"AL - H2\" width=\"630\" height=\"159\" \/><\/a><\/p>\n<p><span style=\"color: #7a1b7a\"><strong>\u00c1MBITO FISCAL<br \/>\n<\/strong><\/span><span style=\"color: #7a1b7a\">En Espa\u00f1a y en el pa\u00eds de destino:<\/span><img loading=\"lazy\" decoding=\"async\" src=\"https:\/\/www.andaluciatrade.es\/consultoria\/files\/2020\/02\/este1.jpg\" alt=\"este1\" width=\"630\" height=\"296\" \/><span style=\"color: #7a1b7a\">En el pa\u00eds de destino:<\/span><img loading=\"lazy\" decoding=\"async\" src=\"https:\/\/www.andaluciatrade.es\/consultoria\/files\/2020\/02\/este2.jpg\" alt=\"este2\" width=\"631\" height=\"101\" \/><span style=\"color: #7a1b7a\">En Espa\u00f1a:<\/span><a href=\"https:\/\/www.andaluciatrade.es\/consultoria\/files\/2020\/02\/este3.jpg\"><img loading=\"lazy\" decoding=\"async\" src=\"https:\/\/www.andaluciatrade.es\/consultoria\/files\/2020\/02\/este3.jpg\" alt=\"este3\" width=\"632\" height=\"80\" \/><\/a><\/p>\n<p>Para m\u00e1s informaci\u00f3n: <a href=\"mailto:consultorialegal@extenda.es\">consultorialegal@extenda.es<\/a><\/p>\n<p><a href=\"https:\/\/www.andaluciatrade.es\/consultoria\/programas\/legal\/\"><strong>&lt;\u00a0VOLVER<\/strong><\/a><\/p>\n","protected":false},"excerpt":{"rendered":"<p>\u00a0 \u00a0\u00a0 \u00c1MBITO MERCANTIL \u00c1MBITO LABORAL Asesoramiento en relaci\u00f3n con la expatriaci\u00f3n de trabajadores sobre:Asesoramiento tras el establecimiento en el pa\u00eds de destino sobre: \u00c1MBITO FISCAL En Espa\u00f1a y en el pa\u00eds de destino:En el pa\u00eds de destino:En Espa\u00f1a: Para &hellip; <a href=\"https:\/\/www.andaluciatrade.es\/consultoria\/programas\/legal\/ambitos-de-asesoramiento\/\">Sigue leyendo <span class=\"meta-nav\">&rarr;<\/span><\/a><\/p>\n","protected":false},"author":6524,"featured_media":0,"parent":6281,"menu_order":1,"comment_status":"closed","ping_status":"closed","template":"","meta":{"footnotes":""},"class_list":["post-6489","page","type-page","status-publish","hentry"],"_links":{"self":[{"href":"https:\/\/www.andaluciatrade.es\/consultoria\/wp-json\/wp\/v2\/pages\/6489","targetHints":{"allow":["GET"]}}],"collection":[{"href":"https:\/\/www.andaluciatrade.es\/consultoria\/wp-json\/wp\/v2\/pages"}],"about":[{"href":"https:\/\/www.andaluciatrade.es\/consultoria\/wp-json\/wp\/v2\/types\/page"}],"author":[{"embeddable":true,"href":"https:\/\/www.andaluciatrade.es\/consultoria\/wp-json\/wp\/v2\/users\/6524"}],"replies":[{"embeddable":true,"href":"https:\/\/www.andaluciatrade.es\/consultoria\/wp-json\/wp\/v2\/comments?post=6489"}],"version-history":[{"count":1,"href":"https:\/\/www.andaluciatrade.es\/consultoria\/wp-json\/wp\/v2\/pages\/6489\/revisions"}],"predecessor-version":[{"id":7155,"href":"https:\/\/www.andaluciatrade.es\/consultoria\/wp-json\/wp\/v2\/pages\/6489\/revisions\/7155"}],"up":[{"embeddable":true,"href":"https:\/\/www.andaluciatrade.es\/consultoria\/wp-json\/wp\/v2\/pages\/6281"}],"wp:attachment":[{"href":"https:\/\/www.andaluciatrade.es\/consultoria\/wp-json\/wp\/v2\/media?parent=6489"}],"curies":[{"name":"wp","href":"https:\/\/api.w.org\/{rel}","templated":true}]}}