{"id":6578,"date":"2020-02-10T09:27:14","date_gmt":"2020-02-10T09:27:14","guid":{"rendered":"https:\/\/www.andaluciatrade.es\/consultoria\/?page_id=6578"},"modified":"2020-03-09T10:18:46","modified_gmt":"2020-03-09T10:18:46","slug":"ambitos-geograficos-2","status":"publish","type":"page","link":"https:\/\/www.andaluciatrade.es\/consultoria\/programas\/legal\/ambitos-geograficos-2\/","title":{"rendered":"\u00c1mbitos Geogr\u00e1ficos"},"content":{"rendered":"<p style=\"text-align: justify\"><a href=\"https:\/\/www.andaluciatrade.es\/consultoria\/legal-2\/empresas-consultoras-homologadas-para-asesoramiento-legal\/\"><img loading=\"lazy\" decoding=\"async\" class=\"alignnone  wp-image-6651\" src=\"https:\/\/www.andaluciatrade.es\/consultoria\/files\/2020\/01\/Panel-consultores.png\" alt=\"Panel consultores\" width=\"111\" height=\"61\" \/><\/a>\u00a0 \u00a0<a href=\"https:\/\/www.andaluciatrade.es\/consultoria\/ambitos-de-asesoramiento\/\"><img loading=\"lazy\" decoding=\"async\" class=\"alignnone  wp-image-6533\" src=\"https:\/\/www.andaluciatrade.es\/consultoria\/files\/2020\/01\/Documentos-Inscripci\u00f3n-3.png\" alt=\"Documentos Inscripci\u00f3n (3)\" width=\"113\" height=\"62\" \/><\/a>\u00a0\u00a0\u00a0<a href=\"https:\/\/www.andaluciatrade.es\/consultoria\/programas\/legal-2\/documentacion-inscripcion-programa-de-legal-2\/\"><img loading=\"lazy\" decoding=\"async\" class=\"alignnone  wp-image-6358\" src=\"https:\/\/www.andaluciatrade.es\/consultoria\/files\/2020\/01\/Documentos-Inscripci\u00f3n.png\" alt=\"Documentos Inscripci\u00f3n\" width=\"115\" height=\"63\" \/><\/a><\/p>\n<p style=\"text-align: justify\">Este servicio de consultor\u00eda jur\u00eddica especializada proporciona asesoramiento sobre<strong>\u00a061 pa\u00edses de los cinco continentes.\u00a0<\/strong>En la\u00a0<strong><a href=\"https:\/\/www.andaluciatrade.es\/convocatorias\/253510?serv_conv_doc&amp;ext=doc\">solicitud de participaci\u00f3n<\/a><\/strong>, puedes elegir varios pa\u00edses de una misma zona geogr\u00e1fica. Los pa\u00edses y zonas son:<\/p>\n<p><img loading=\"lazy\" decoding=\"async\" src=\"https:\/\/www.andaluciatrade.es\/consultoria\/files\/2020\/02\/Captura-zona-1.jpg\" alt=\"Captura zona 1\" width=\"573\" height=\"234\" \/><img loading=\"lazy\" decoding=\"async\" class=\"\" src=\"https:\/\/www.andaluciatrade.es\/consultoria\/files\/2020\/02\/Thattt.jpg\" alt=\"Thattt\" width=\"579\" height=\"295\" \/><img loading=\"lazy\" decoding=\"async\" class=\"\" src=\"https:\/\/www.andaluciatrade.es\/consultoria\/files\/2020\/02\/ththaat.jpg\" alt=\"ththaat\" width=\"581\" height=\"300\" \/>Para m\u00e1s informaci\u00f3n: <a href=\"mailto:consultorialegal@extenda.es\">consultorialegal@extenda.es<\/a><\/p>\n<p><a href=\"https:\/\/www.andaluciatrade.es\/consultoria\/programas\/legal\/\"><strong>&lt;\u00a0VOLVER<\/strong><\/a><\/p>\n","protected":false},"excerpt":{"rendered":"<p>\u00a0 \u00a0\u00a0\u00a0\u00a0 Este servicio de consultor\u00eda jur\u00eddica especializada proporciona asesoramiento sobre\u00a061 pa\u00edses de los cinco continentes.\u00a0En la\u00a0solicitud de participaci\u00f3n, puedes elegir varios pa\u00edses de una misma zona geogr\u00e1fica. Los pa\u00edses y zonas son: Para m\u00e1s informaci\u00f3n: consultorialegal@extenda.es &lt;\u00a0VOLVER<\/p>\n","protected":false},"author":6524,"featured_media":0,"parent":6281,"menu_order":2,"comment_status":"closed","ping_status":"closed","template":"","meta":{"footnotes":""},"class_list":["post-6578","page","type-page","status-publish","hentry"],"_links":{"self":[{"href":"https:\/\/www.andaluciatrade.es\/consultoria\/wp-json\/wp\/v2\/pages\/6578","targetHints":{"allow":["GET"]}}],"collection":[{"href":"https:\/\/www.andaluciatrade.es\/consultoria\/wp-json\/wp\/v2\/pages"}],"about":[{"href":"https:\/\/www.andaluciatrade.es\/consultoria\/wp-json\/wp\/v2\/types\/page"}],"author":[{"embeddable":true,"href":"https:\/\/www.andaluciatrade.es\/consultoria\/wp-json\/wp\/v2\/users\/6524"}],"replies":[{"embeddable":true,"href":"https:\/\/www.andaluciatrade.es\/consultoria\/wp-json\/wp\/v2\/comments?post=6578"}],"version-history":[{"count":2,"href":"https:\/\/www.andaluciatrade.es\/consultoria\/wp-json\/wp\/v2\/pages\/6578\/revisions"}],"predecessor-version":[{"id":7159,"href":"https:\/\/www.andaluciatrade.es\/consultoria\/wp-json\/wp\/v2\/pages\/6578\/revisions\/7159"}],"up":[{"embeddable":true,"href":"https:\/\/www.andaluciatrade.es\/consultoria\/wp-json\/wp\/v2\/pages\/6281"}],"wp:attachment":[{"href":"https:\/\/www.andaluciatrade.es\/consultoria\/wp-json\/wp\/v2\/media?parent=6578"}],"curies":[{"name":"wp","href":"https:\/\/api.w.org\/{rel}","templated":true}]}}