{"id":7067,"date":"2020-03-10T09:37:58","date_gmt":"2020-03-10T09:37:58","guid":{"rendered":"https:\/\/www.andaluciatrade.es\/consultoria\/?page_id=7067"},"modified":"2020-03-12T13:05:47","modified_gmt":"2020-03-12T13:05:47","slug":"panel-de-consultores-programa-marketplaces","status":"publish","type":"page","link":"https:\/\/www.andaluciatrade.es\/consultoria\/programas\/marketplaces\/panel-de-consultores-programa-marketplaces\/","title":{"rendered":"Panel de Consultores Programa Marketplaces"},"content":{"rendered":"<h6><strong>\u00a0<\/strong><a href=\"https:\/\/www.andaluciatrade.es\/consultoria\/programas\/marketplaces\/documentos-de-inscripcion\/\"><img loading=\"lazy\" decoding=\"async\" class=\"alignleft wp-image-2699\" src=\"https:\/\/www.andaluciatrade.es\/consultoria\/files\/2018\/01\/Documentos-Inscripci\u00f3n-11-300x150.png\" alt=\"Documentos Inscripci\u00f3n (1)\" width=\"105\" height=\"53\" srcset=\"https:\/\/www.andaluciatrade.es\/consultoria\/wp-content\/uploads\/sites\/8\/2018\/01\/Documentos-Inscripci\u00f3n-11-300x150.png 300w, https:\/\/www.andaluciatrade.es\/consultoria\/wp-content\/uploads\/sites\/8\/2018\/01\/Documentos-Inscripci\u00f3n-11.png 1024w, https:\/\/www.andaluciatrade.es\/consultoria\/wp-content\/uploads\/sites\/8\/2018\/01\/Documentos-Inscripci\u00f3n-11-500x250.png 500w\" sizes=\"auto, (max-width: 105px) 100vw, 105px\" \/><\/a><\/h6>\n<p><strong><br \/>\n<\/strong><\/p>\n<p>&nbsp;<\/p>\n<p><strong>Javier Dom\u00ednguez\u00a0<\/strong><\/p>\n<p style=\"text-align: justify\"><a href=\"https:\/\/www.andaluciatrade.es\/consultoria\/files\/2020\/03\/Javier-Dominguez.png\"><img loading=\"lazy\" decoding=\"async\" class=\"  wp-image-7068 alignleft\" src=\"https:\/\/www.andaluciatrade.es\/consultoria\/files\/2020\/03\/Javier-Dominguez.png\" alt=\"Javier Dominguez\" width=\"192\" height=\"192\" srcset=\"https:\/\/www.andaluciatrade.es\/consultoria\/wp-content\/uploads\/sites\/8\/2020\/03\/Javier-Dominguez.png 212w, https:\/\/www.andaluciatrade.es\/consultoria\/wp-content\/uploads\/sites\/8\/2020\/03\/Javier-Dominguez-150x150.png 150w\" sizes=\"auto, (max-width: 192px) 100vw, 192px\" \/><\/a>CEO de Padeco Global. Consultor experto en desarrollo e implementaci\u00f3n de estrategias de internacionalizaci\u00f3n en marketplaces. Licenciado en ADE por la Universidad CEU y Master in Management por el IE Business School. Adicionalmente ha realizado cursos especializados en la London School of Economics (LSE) y IESE Business School.\u00a0Experiencia\u00a0previa en multinacionales como BBVA, Deloitte y Ferrovial.<\/p>\n<p style=\"text-align: justify\">\u00a0<strong>Jaime Porta<\/strong><\/p>\n<p style=\"text-align: justify\"><img loading=\"lazy\" decoding=\"async\" class=\"  wp-image-7069 alignright\" src=\"https:\/\/www.andaluciatrade.es\/consultoria\/files\/2020\/03\/Jaime-porta.jpg\" alt=\"Jaime porta\" width=\"173\" height=\"173\" srcset=\"https:\/\/www.andaluciatrade.es\/consultoria\/wp-content\/uploads\/sites\/8\/2020\/03\/Jaime-porta.jpg 212w, https:\/\/www.andaluciatrade.es\/consultoria\/wp-content\/uploads\/sites\/8\/2020\/03\/Jaime-porta-150x150.jpg 150w\" sizes=\"auto, (max-width: 173px) 100vw, 173px\" \/><\/p>\n<p style=\"text-align: justify\">Digital Channel Director\u00a0de\u00a0Padeco Global y partner de Amazon\u00a0y\u00a0Aliexpress. Reconocido a nivel nacional por su amplio expertise\u00a0en\u00a0marketplaces como Amazon y Aliexpress. Licenciado en ADE y Master\u00a0in Management por el IE Business School, con certificaciones oficiales\u00a0de formaci\u00f3n\u00a0en marketplaces , y especialista en Marketing Digital.<\/p>\n<p style=\"text-align: justify\"><strong>Gloria Gea\u00a0<\/strong><\/p>\n<p style=\"text-align: justify\"><img loading=\"lazy\" decoding=\"async\" class=\"  wp-image-7070 alignleft\" src=\"https:\/\/www.andaluciatrade.es\/consultoria\/files\/2020\/03\/Gloria-Gea.png\" alt=\"Gloria Gea\" width=\"210\" height=\"170\" \/>Analista de Mercado en Redflexi\u00f3n Consultores y especialista en Comercio Internacional. M\u00e1ster en Direcci\u00f3n y Gesti\u00f3n del Comercio Internacional en ENAE. Amplia Experiencia en apoyo para la internacionalizaci\u00f3n de empresas, a trav\u00e9s de proyectos\u00a0de\u00a0creaci\u00f3n de estrategias\u00a0de marketing\u00a0internacionales. Trabaj\u00f3 en\u00a0la Oficina Econ\u00f3mica y Comercial de la Embajada de Espa\u00f1a en La Habana.<\/p>\n<p style=\"text-align: justify\"><strong>Aar\u00f3n Gonz\u00e1lez<\/strong><\/p>\n<p style=\"text-align: justify\"><strong><img loading=\"lazy\" decoding=\"async\" class=\"  wp-image-7072 alignright\" src=\"https:\/\/www.andaluciatrade.es\/consultoria\/files\/2020\/03\/Aaron-Gonzalez.png\" alt=\"Aaron Gonzalez\" width=\"174\" height=\"174\" srcset=\"https:\/\/www.andaluciatrade.es\/consultoria\/wp-content\/uploads\/sites\/8\/2020\/03\/Aaron-Gonzalez.png 212w, https:\/\/www.andaluciatrade.es\/consultoria\/wp-content\/uploads\/sites\/8\/2020\/03\/Aaron-Gonzalez-150x150.png 150w\" sizes=\"auto, (max-width: 174px) 100vw, 174px\" \/><\/strong><\/p>\n<p style=\"text-align: justify\">Digital Account Manager\u00a0en marketplace de Padeco Global.\u00a0M\u00e1ster\u00a0en Traducci\u00f3n Literaria por la Universidad Complutense de Madrid. Posee certificaciones oficiales de formaci\u00f3n en marketplaces y experiencia en programaci\u00f3n. Ha desarrollado numerosos proyectos de internacionalizaci\u00f3n en marketplaces para empresas espa\u00f1olas de diversos sectores en pa\u00edses como Alemania o Reino Unido.<\/p>\n<p style=\"text-align: justify\"><strong><a href=\"https:\/\/www.andaluciatrade.es\/consultoria\/programas\/marketplaces\/\">&lt;\u00a0VOLVER<\/a><\/strong><\/p>\n","protected":false},"excerpt":{"rendered":"<p>\u00a0 &nbsp; Javier Dom\u00ednguez\u00a0 CEO de Padeco Global. Consultor experto en desarrollo e implementaci\u00f3n de estrategias de internacionalizaci\u00f3n en marketplaces. Licenciado en ADE por la Universidad CEU y Master in Management por el IE Business School. Adicionalmente ha realizado cursos &hellip; <a href=\"https:\/\/www.andaluciatrade.es\/consultoria\/programas\/marketplaces\/panel-de-consultores-programa-marketplaces\/\">Sigue leyendo <span class=\"meta-nav\">&rarr;<\/span><\/a><\/p>\n","protected":false},"author":6524,"featured_media":0,"parent":6308,"menu_order":1,"comment_status":"closed","ping_status":"closed","template":"","meta":{"footnotes":""},"class_list":["post-7067","page","type-page","status-publish","hentry"],"_links":{"self":[{"href":"https:\/\/www.andaluciatrade.es\/consultoria\/wp-json\/wp\/v2\/pages\/7067","targetHints":{"allow":["GET"]}}],"collection":[{"href":"https:\/\/www.andaluciatrade.es\/consultoria\/wp-json\/wp\/v2\/pages"}],"about":[{"href":"https:\/\/www.andaluciatrade.es\/consultoria\/wp-json\/wp\/v2\/types\/page"}],"author":[{"embeddable":true,"href":"https:\/\/www.andaluciatrade.es\/consultoria\/wp-json\/wp\/v2\/users\/6524"}],"replies":[{"embeddable":true,"href":"https:\/\/www.andaluciatrade.es\/consultoria\/wp-json\/wp\/v2\/comments?post=7067"}],"version-history":[{"count":1,"href":"https:\/\/www.andaluciatrade.es\/consultoria\/wp-json\/wp\/v2\/pages\/7067\/revisions"}],"predecessor-version":[{"id":7481,"href":"https:\/\/www.andaluciatrade.es\/consultoria\/wp-json\/wp\/v2\/pages\/7067\/revisions\/7481"}],"up":[{"embeddable":true,"href":"https:\/\/www.andaluciatrade.es\/consultoria\/wp-json\/wp\/v2\/pages\/6308"}],"wp:attachment":[{"href":"https:\/\/www.andaluciatrade.es\/consultoria\/wp-json\/wp\/v2\/media?parent=7067"}],"curies":[{"name":"wp","href":"https:\/\/api.w.org\/{rel}","templated":true}]}}