{"id":7207,"date":"2020-03-09T16:03:35","date_gmt":"2020-03-09T16:03:35","guid":{"rendered":"https:\/\/www.andaluciatrade.es\/consultoria\/?page_id=7207"},"modified":"2020-03-09T17:25:30","modified_gmt":"2020-03-09T17:25:30","slug":"jornada-de-cooperacion-i","status":"publish","type":"page","link":"https:\/\/www.andaluciatrade.es\/consultoria\/programas\/cooperacion-internacional-2\/jornada-de-cooperacion-i\/","title":{"rendered":"Jornada Sector Agroalimientario"},"content":{"rendered":"<p style=\"text-align: justify\"><a href=\"https:\/\/www.andaluciatrade.es\/consultoria\/files\/2020\/03\/objetivo.png\"><img loading=\"lazy\" decoding=\"async\" class=\"\" src=\"https:\/\/www.andaluciatrade.es\/consultoria\/files\/2020\/03\/objetivo.png\" alt=\"objetivo\" width=\"37\" height=\"37\" \/><\/a><strong><span style=\"color: #339966\">Objetivo<\/span><\/strong><\/p>\n<p style=\"text-align: justify\"><strong>Acercar a las empresas del sector agroalimentario a la cooperaci\u00f3n<\/strong>, como herramienta v\u00e1lida para <strong>potenciar sus procesos de internacionalizaci\u00f3n<\/strong>, sea cual sea el \u00e1rea de colaboraci\u00f3n seleccionada y con un claro enfoque a la participaci\u00f3n e interacci\u00f3n entre ponentes y asistentes a la misma<\/p>\n<p><img loading=\"lazy\" decoding=\"async\" class=\"\" src=\"https:\/\/www.andaluciatrade.es\/consultoria\/files\/2020\/03\/usuario.png\" alt=\"usuario\" width=\"29\" height=\"29\" \/>\u00a0<span style=\"color: #339966\"><strong>Perfil de empresas<\/strong><\/span>:<\/p>\n<p style=\"text-align: justify\"><strong>Sector Agroalimentario<\/strong> (con especial menci\u00f3n a IV y V Gama, aceites, encurtidos, vinos y productos ecol\u00f3gicos), as\u00ed como sectores auxiliares y de servicios de apoyo al sector en materia<strong> log\u00edstica, financiera, de dise\u00f1o y marketing,<\/strong><\/p>\n<p style=\"text-align: justify\"><img loading=\"lazy\" decoding=\"async\" class=\"\" src=\"https:\/\/www.andaluciatrade.es\/consultoria\/files\/2020\/03\/conferencias.png\" alt=\"conferencias\" width=\"34\" height=\"34\" \/>\u00a0<strong><span style=\"color: #339966\">Ponencias y ponentes:<\/span><\/strong><\/p>\n<h1 style=\"text-align: justify\">\u00abClaves de la cooperaci\u00f3n para la internacionalizaci\u00f3n de la empresa andaluza\u00bb.<\/h1>\n<ul style=\"text-align: justify\">\n<li>\n<h4><strong>Javier S\u00e1nchez Flores<\/strong>.\u00a0Consultor experto en desarrollo de modelos de negocio basados en la cooperaci\u00f3n empresarial a nivel nacional e internacional.<\/h4>\n<\/li>\n<\/ul>\n<h1 style=\"text-align: justify\">\u00abExperiencias en cooperaci\u00f3n empresarial de dos empresas andaluzas internacionalizadas\u00bb<\/h1>\n<ul>\n<li style=\"text-align: justify\">\n<h4><strong>Grupo Ybarra:<\/strong>\u00a0participaci\u00f3n de\u00a0<strong>Francisco<\/strong>\u00a0<strong>Vigueras<\/strong>, Director General,\u00a0<strong>Gonzalo Ybarra<\/strong>, Director de Marketing y\u00a0<strong>Trist\u00e1n Ybarra<\/strong>, Director de Desarrollo Internacional.<\/h4>\n<\/li>\n<li style=\"text-align: justify\">\n<h4><strong>Bodegas Robles S.A:\u00a0<\/strong>participaci\u00f3n de\u00a0<strong>Francisco Robles<\/strong>, Gerente en Bodegas Robles S.A.<\/h4>\n<\/li>\n<\/ul>\n<h4 style=\"text-align: justify\"><img loading=\"lazy\" decoding=\"async\" class=\"\" src=\"https:\/\/www.andaluciatrade.es\/consultoria\/files\/2020\/03\/calendario.png\" alt=\"calendario\" width=\"28\" height=\"28\" \/>\u00a0<strong><span style=\"color: #339966\">Fecha y lugar de celebraci\u00f3n:\u00a0<\/span><\/strong>19 de marzo de 2020 de 9h00 a 14h00, en la Sede de Extenda, C\/Marie Curie n\u00ba 5, Isla de la Cartuja (Sevilla).<\/h4>\n<p><span style=\"color: #339966\"><strong>Bases de la Convocatoria<\/strong><\/span>:\u00a0<span style=\"text-decoration: underline\"><a href=\"https:\/\/bit.ly\/2vHWg0c\">https:\/\/bit.ly\/2vHWg0c<\/a><\/span><\/p>\n<p><a href=\"https:\/\/www.andaluciatrade.es\/consultoria\/programas\/cooperacion-internacional-2\/\"><strong>&lt;\u00a0VOLVER<\/strong><\/a><\/p>\n","protected":false},"excerpt":{"rendered":"<p>Objetivo Acercar a las empresas del sector agroalimentario a la cooperaci\u00f3n, como herramienta v\u00e1lida para potenciar sus procesos de internacionalizaci\u00f3n, sea cual sea el \u00e1rea de colaboraci\u00f3n seleccionada y con un claro enfoque a la participaci\u00f3n e interacci\u00f3n entre ponentes &hellip; <a href=\"https:\/\/www.andaluciatrade.es\/consultoria\/programas\/cooperacion-internacional-2\/jornada-de-cooperacion-i\/\">Sigue leyendo <span class=\"meta-nav\">&rarr;<\/span><\/a><\/p>\n","protected":false},"author":6524,"featured_media":0,"parent":6332,"menu_order":1,"comment_status":"closed","ping_status":"closed","template":"","meta":{"footnotes":""},"class_list":["post-7207","page","type-page","status-publish","hentry"],"_links":{"self":[{"href":"https:\/\/www.andaluciatrade.es\/consultoria\/wp-json\/wp\/v2\/pages\/7207","targetHints":{"allow":["GET"]}}],"collection":[{"href":"https:\/\/www.andaluciatrade.es\/consultoria\/wp-json\/wp\/v2\/pages"}],"about":[{"href":"https:\/\/www.andaluciatrade.es\/consultoria\/wp-json\/wp\/v2\/types\/page"}],"author":[{"embeddable":true,"href":"https:\/\/www.andaluciatrade.es\/consultoria\/wp-json\/wp\/v2\/users\/6524"}],"replies":[{"embeddable":true,"href":"https:\/\/www.andaluciatrade.es\/consultoria\/wp-json\/wp\/v2\/comments?post=7207"}],"version-history":[{"count":2,"href":"https:\/\/www.andaluciatrade.es\/consultoria\/wp-json\/wp\/v2\/pages\/7207\/revisions"}],"predecessor-version":[{"id":7243,"href":"https:\/\/www.andaluciatrade.es\/consultoria\/wp-json\/wp\/v2\/pages\/7207\/revisions\/7243"}],"up":[{"embeddable":true,"href":"https:\/\/www.andaluciatrade.es\/consultoria\/wp-json\/wp\/v2\/pages\/6332"}],"wp:attachment":[{"href":"https:\/\/www.andaluciatrade.es\/consultoria\/wp-json\/wp\/v2\/media?parent=7207"}],"curies":[{"name":"wp","href":"https:\/\/api.w.org\/{rel}","templated":true}]}}