{"id":83,"date":"2018-01-18T11:50:12","date_gmt":"2018-01-18T11:50:12","guid":{"rendered":"https:\/\/www.andaluciatrade.es\/consultoria\/?page_id=83"},"modified":"2020-03-09T17:26:31","modified_gmt":"2020-03-09T17:26:31","slug":"eventos","status":"publish","type":"page","link":"https:\/\/www.andaluciatrade.es\/consultoria\/eventos\/","title":{"rendered":"Jornadas"},"content":{"rendered":"<p style=\"text-align: justify\">En esta secci\u00f3n,<strong>\u00a0<\/strong>podr\u00e1s conocer de primera mano las <strong>Jornadas<\/strong> previstas por parte del\u00a0<strong>Departamento de Consultor\u00eda<\/strong>, as\u00ed como actividades relacionadas con\u00a0los respectivos programas de <strong>Diagn\u00f3stico<\/strong>, <strong>Implantaci\u00f3n<\/strong>, <strong>Financiaci\u00f3n<\/strong>, <strong>Marca<\/strong>,\u00a0<strong>Plan Marketing Digital, Marketplaces, Cooperaci\u00f3n y Legal.<\/strong><\/p>\n<p style=\"text-align: justify\">Tambi\u00e9n podr\u00e1s conocer qu\u00e9 eventos se han ido desarrollando,\u00a0permiti\u00e9ndote\u00a0acceder en cualquier momento a cada uno de ellos.<\/p>\n<p style=\"text-align: justify\">Podr\u00e1s encontrar todos los eventos, tanto los nuevos como los ya ejecutados, aqu\u00ed:<\/p>\n<p style=\"padding-left: 120px\"><a href=\"https:\/\/www.andaluciatrade.es\/consultoria\/tag\/jornadas\/\"><img loading=\"lazy\" decoding=\"async\" class=\"alignleft wp-image-3187\" src=\"https:\/\/www.andaluciatrade.es\/consultoria\/files\/2018\/01\/sdsf-300x169.png\" alt=\"sdsf\" width=\"170\" height=\"96\" srcset=\"https:\/\/www.andaluciatrade.es\/consultoria\/wp-content\/uploads\/sites\/8\/2018\/01\/sdsf-300x169.png 300w, https:\/\/www.andaluciatrade.es\/consultoria\/wp-content\/uploads\/sites\/8\/2018\/01\/sdsf-1024x576.png 1024w, https:\/\/www.andaluciatrade.es\/consultoria\/wp-content\/uploads\/sites\/8\/2018\/01\/sdsf-500x281.png 500w, https:\/\/www.andaluciatrade.es\/consultoria\/wp-content\/uploads\/sites\/8\/2018\/01\/sdsf.png 1920w\" sizes=\"auto, (max-width: 170px) 100vw, 170px\" \/><\/a><\/p>\n<p style=\"padding-left: 120px\"><a href=\"https:\/\/www.andaluciatrade.es\/consultoria\/eventos\/inscripciones\/\"><img loading=\"lazy\" decoding=\"async\" class=\"wp-image-3180 alignleft\" src=\"https:\/\/www.andaluciatrade.es\/consultoria\/files\/2018\/01\/asdas-300x169.png\" alt=\"asdas\" width=\"170\" height=\"96\" srcset=\"https:\/\/www.andaluciatrade.es\/consultoria\/wp-content\/uploads\/sites\/8\/2018\/01\/asdas-300x169.png 300w, https:\/\/www.andaluciatrade.es\/consultoria\/wp-content\/uploads\/sites\/8\/2018\/01\/asdas-1024x576.png 1024w, https:\/\/www.andaluciatrade.es\/consultoria\/wp-content\/uploads\/sites\/8\/2018\/01\/asdas-500x281.png 500w, https:\/\/www.andaluciatrade.es\/consultoria\/wp-content\/uploads\/sites\/8\/2018\/01\/asdas.png 1920w\" sizes=\"auto, (max-width: 170px) 100vw, 170px\" \/><\/a><\/p>\n<p>&nbsp;<\/p>\n<p>&nbsp;<\/p>\n<p>&nbsp;<\/p>\n<ul>\n<li><a href=\"https:\/\/www.andaluciatrade.es\/groups\/extenda-consultoria\/\">\u00danete a nuestro Grupo de Consultor\u00eda en Extenda + <\/a><\/li>\n<\/ul>\n","protected":false},"excerpt":{"rendered":"<p>En esta secci\u00f3n,\u00a0podr\u00e1s conocer de primera mano las Jornadas previstas por parte del\u00a0Departamento de Consultor\u00eda, as\u00ed como actividades relacionadas con\u00a0los respectivos programas de Diagn\u00f3stico, Implantaci\u00f3n, Financiaci\u00f3n, Marca,\u00a0Plan Marketing Digital, Marketplaces, Cooperaci\u00f3n y Legal. Tambi\u00e9n podr\u00e1s conocer qu\u00e9 eventos se han &hellip; <a href=\"https:\/\/www.andaluciatrade.es\/consultoria\/eventos\/\">Sigue leyendo <span class=\"meta-nav\">&rarr;<\/span><\/a><\/p>\n","protected":false},"author":6395,"featured_media":0,"parent":0,"menu_order":4,"comment_status":"closed","ping_status":"closed","template":"","meta":{"footnotes":""},"class_list":["post-83","page","type-page","status-publish","hentry"],"_links":{"self":[{"href":"https:\/\/www.andaluciatrade.es\/consultoria\/wp-json\/wp\/v2\/pages\/83","targetHints":{"allow":["GET"]}}],"collection":[{"href":"https:\/\/www.andaluciatrade.es\/consultoria\/wp-json\/wp\/v2\/pages"}],"about":[{"href":"https:\/\/www.andaluciatrade.es\/consultoria\/wp-json\/wp\/v2\/types\/page"}],"author":[{"embeddable":true,"href":"https:\/\/www.andaluciatrade.es\/consultoria\/wp-json\/wp\/v2\/users\/6395"}],"replies":[{"embeddable":true,"href":"https:\/\/www.andaluciatrade.es\/consultoria\/wp-json\/wp\/v2\/comments?post=83"}],"version-history":[{"count":4,"href":"https:\/\/www.andaluciatrade.es\/consultoria\/wp-json\/wp\/v2\/pages\/83\/revisions"}],"predecessor-version":[{"id":7262,"href":"https:\/\/www.andaluciatrade.es\/consultoria\/wp-json\/wp\/v2\/pages\/83\/revisions\/7262"}],"wp:attachment":[{"href":"https:\/\/www.andaluciatrade.es\/consultoria\/wp-json\/wp\/v2\/media?parent=83"}],"curies":[{"name":"wp","href":"https:\/\/api.w.org\/{rel}","templated":true}]}}