{"id":93,"date":"2018-01-18T12:13:58","date_gmt":"2018-01-18T12:13:58","guid":{"rendered":"https:\/\/www.andaluciatrade.es\/consultoria\/?page_id=93"},"modified":"2020-07-14T12:21:39","modified_gmt":"2020-07-14T12:21:39","slug":"presentacion","status":"publish","type":"page","link":"https:\/\/www.andaluciatrade.es\/consultoria\/presentacion\/","title":{"rendered":"Presentaci\u00f3n"},"content":{"rendered":"<p style=\"text-align: justify;\">Desde el <strong>Dpto. de Consultor\u00eda<\/strong> ponemos a tu disposici\u00f3n un blog\u00a0donde puedes encontrar <strong>art\u00edculos de inter\u00e9s relacionados con la internacionalizaci\u00f3n<\/strong> de empresas y acceder a informaci\u00f3n sobre los <strong>Programas de Asesoramiento<\/strong>. Adem\u00e1s de\u00a0<strong>visualizar webinarios<\/strong> ya desarrollados,\u00a0<strong>inscribirte en nuevos<\/strong> webinarios o jornadas y de mantener <strong>contacto directo con los t\u00e9cnicos<\/strong> del departamento.<\/p>\n<p style=\"text-align: justify;\">En <strong>Extenda<\/strong> queremos que vueles con \u00e9xito. A trav\u00e9s de nuestros servicios de <strong>Consultor\u00eda<\/strong> a medida nos adaptamos a\u00a0las necesidades de tu empresa\u00a0y te ofrecemos\u00a0<strong>asistencia t\u00e9cnica individualizada<\/strong>. Ponemos a tu disposici\u00f3n <strong>consultores expertos en internacionalizaci\u00f3n<\/strong>, que te guiar\u00e1n de forma personalizada a la hora de iniciar la salida de tu empresa al mercado exterior, o de consolidar tu posicionamiento internacional para el proceso sea m\u00e1s seguro e incremente la\u00a0probabilidad de \u00e9xito.<\/p>\n<p>\u00a1Por que el \u00e9xito es para los que vuelan!<\/p>\n<p><a href=\"https:\/\/www.andaluciatrade.es\/consultoria\/wp-content\/uploads\/sites\/8\/2018\/01\/PROGRAMAS-DE-CONSULTOR%C3%8DA-SOPORTE-GR%C3%81FICO.png\"><img loading=\"lazy\" decoding=\"async\" class=\"aligncenter wp-image-871 size-full\" src=\"https:\/\/www.andaluciatrade.es\/consultoria\/wp-content\/uploads\/sites\/8\/2018\/01\/PROGRAMAS-DE-CONSULTOR\u00cdA-SOPORTE-GR\u00c1FICO.png\" alt=\"PROGRAMAS DE CONSULTOR\u00cdA SOPORTE GR\u00c1FICO\" width=\"1244\" height=\"418\" srcset=\"https:\/\/www.andaluciatrade.es\/consultoria\/wp-content\/uploads\/sites\/8\/2018\/01\/PROGRAMAS-DE-CONSULTOR\u00cdA-SOPORTE-GR\u00c1FICO.png 1244w, https:\/\/www.andaluciatrade.es\/consultoria\/wp-content\/uploads\/sites\/8\/2018\/01\/PROGRAMAS-DE-CONSULTOR\u00cdA-SOPORTE-GR\u00c1FICO-300x101.png 300w, https:\/\/www.andaluciatrade.es\/consultoria\/wp-content\/uploads\/sites\/8\/2018\/01\/PROGRAMAS-DE-CONSULTOR\u00cdA-SOPORTE-GR\u00c1FICO-1024x344.png 1024w, https:\/\/www.andaluciatrade.es\/consultoria\/wp-content\/uploads\/sites\/8\/2018\/01\/PROGRAMAS-DE-CONSULTOR\u00cdA-SOPORTE-GR\u00c1FICO-500x168.png 500w\" sizes=\"auto, (max-width: 1244px) 100vw, 1244px\" \/><\/a><\/p>\n<ul>\n<li>\u00a0<a href=\"https:\/\/www.andaluciatrade.es\/groups\/extenda-consultoria\/\">\u00danete a nuestro Grupo de Consultor\u00eda en Extenda +<\/a><\/li>\n<\/ul>\n","protected":false},"excerpt":{"rendered":"<p>Desde el Dpto. de Consultor\u00eda ponemos a tu disposici\u00f3n un blog\u00a0donde puedes encontrar art\u00edculos de inter\u00e9s relacionados con la internacionalizaci\u00f3n de empresas y acceder a informaci\u00f3n sobre los Programas de Asesoramiento. Adem\u00e1s de\u00a0visualizar webinarios ya desarrollados,\u00a0inscribirte en nuevos webinarios o &hellip; <a href=\"https:\/\/www.andaluciatrade.es\/consultoria\/presentacion\/\">Sigue leyendo <span class=\"meta-nav\">&rarr;<\/span><\/a><\/p>\n","protected":false},"author":6395,"featured_media":0,"parent":0,"menu_order":0,"comment_status":"closed","ping_status":"closed","template":"","meta":{"footnotes":""},"class_list":["post-93","page","type-page","status-publish","hentry"],"_links":{"self":[{"href":"https:\/\/www.andaluciatrade.es\/consultoria\/wp-json\/wp\/v2\/pages\/93","targetHints":{"allow":["GET"]}}],"collection":[{"href":"https:\/\/www.andaluciatrade.es\/consultoria\/wp-json\/wp\/v2\/pages"}],"about":[{"href":"https:\/\/www.andaluciatrade.es\/consultoria\/wp-json\/wp\/v2\/types\/page"}],"author":[{"embeddable":true,"href":"https:\/\/www.andaluciatrade.es\/consultoria\/wp-json\/wp\/v2\/users\/6395"}],"replies":[{"embeddable":true,"href":"https:\/\/www.andaluciatrade.es\/consultoria\/wp-json\/wp\/v2\/comments?post=93"}],"version-history":[{"count":3,"href":"https:\/\/www.andaluciatrade.es\/consultoria\/wp-json\/wp\/v2\/pages\/93\/revisions"}],"predecessor-version":[{"id":10596,"href":"https:\/\/www.andaluciatrade.es\/consultoria\/wp-json\/wp\/v2\/pages\/93\/revisions\/10596"}],"wp:attachment":[{"href":"https:\/\/www.andaluciatrade.es\/consultoria\/wp-json\/wp\/v2\/media?parent=93"}],"curies":[{"name":"wp","href":"https:\/\/api.w.org\/{rel}","templated":true}]}}